{"id":1807,"date":"2018-09-21T09:25:51","date_gmt":"2018-09-21T09:25:51","guid":{"rendered":"http:\/\/klosterresor.hemsida.eu\/?page_id=1807"},"modified":"2018-09-21T09:25:58","modified_gmt":"2018-09-21T09:25:58","slug":"ile-de-france","status":"publish","type":"page","link":"https:\/\/www.klosterresor.se\/en\/selection\/france\/ile-de-france\/","title":{"rendered":"\u00cele-de-France"},"content":{"rendered":"<p><img loading=\"lazy\" class=\"alignnone size-full wp-image-1375\" src=\"http:\/\/klosterresor.hemsida.eu\/wp-content\/uploads\/2018\/08\/paris-transport.jpg\" alt=\"\" width=\"560\" height=\"346\" srcset=\"https:\/\/www.klosterresor.se\/wp-content\/uploads\/2018\/08\/paris-transport.jpg 560w, https:\/\/www.klosterresor.se\/wp-content\/uploads\/2018\/08\/paris-transport-300x185.jpg 300w, https:\/\/www.klosterresor.se\/wp-content\/uploads\/2018\/08\/paris-transport-150x93.jpg 150w\" sizes=\"(max-width: 560px) 100vw, 560px\" \/><\/p>\n<p>\u00cele-de-France utg\u00f6rs av \u00e5tta departement, varav staden Paris intar en s\u00e4rskilt framtr\u00e4dande roll. Med knappt 11,5 miljoner inv\u00e5nare \u00e4r regionen den mest folkrika i Frankrike. Sedan medeltiden har \u00cele-de-France varit s\u00e4te f\u00f6r den franska kungamakten och sedermera \u00e4ven Republikens institutioner<\/p>\n","protected":false},"excerpt":{"rendered":"<p>\u00cele-de-France utg\u00f6rs av \u00e5tta departement, varav staden Paris intar en s\u00e4rskilt framtr\u00e4dande roll. Med knappt 11,5 miljoner inv\u00e5nare \u00e4r regionen den mest folkrika i Frankrike.&hellip;<\/p>\n","protected":false},"author":1,"featured_media":0,"parent":1785,"menu_order":303,"comment_status":"closed","ping_status":"closed","template":"template-region.php","meta":[],"acf":[],"yoast_head":"<!-- This site is optimized with the Yoast SEO plugin v18.9 - https:\/\/yoast.com\/wordpress\/plugins\/seo\/ -->\n<title>\u00cele-de-France - Klosterresor<\/title>\n<meta name=\"robots\" content=\"index, follow, max-snippet:-1, max-image-preview:large, max-video-preview:-1\" \/>\n<link rel=\"canonical\" href=\"https:\/\/www.klosterresor.se\/en\/selection\/france\/ile-de-france\/\" \/>\n<meta property=\"og:locale\" content=\"en_US\" \/>\n<meta property=\"og:type\" content=\"article\" \/>\n<meta property=\"og:title\" content=\"\u00cele-de-France - Klosterresor\" \/>\n<meta property=\"og:description\" content=\"\u00cele-de-France utg\u00f6rs av \u00e5tta departement, varav staden Paris intar en s\u00e4rskilt framtr\u00e4dande roll. Med knappt 11,5 miljoner inv\u00e5nare \u00e4r regionen den mest folkrika i Frankrike.&hellip;\" \/>\n<meta property=\"og:url\" content=\"https:\/\/www.klosterresor.se\/en\/selection\/france\/ile-de-france\/\" \/>\n<meta property=\"og:site_name\" content=\"Klosterresor\" \/>\n<meta property=\"article:modified_time\" content=\"2018-09-21T09:25:58+00:00\" \/>\n<meta property=\"og:image\" content=\"http:\/\/klosterresor.hemsida.eu\/wp-content\/uploads\/2018\/08\/paris-transport.jpg\" \/>\n<meta name=\"twitter:card\" content=\"summary_large_image\" \/>\n<script type=\"application\/ld+json\" class=\"yoast-schema-graph\">{\"@context\":\"https:\/\/schema.org\",\"@graph\":[{\"@type\":\"WebSite\",\"@id\":\"https:\/\/www.klosterresor.se\/#website\",\"url\":\"https:\/\/www.klosterresor.se\/\",\"name\":\"Klosterresor\",\"description\":\"\",\"potentialAction\":[{\"@type\":\"SearchAction\",\"target\":{\"@type\":\"EntryPoint\",\"urlTemplate\":\"https:\/\/www.klosterresor.se\/?s={search_term_string}\"},\"query-input\":\"required name=search_term_string\"}],\"inLanguage\":\"en-US\"},{\"@type\":\"ImageObject\",\"inLanguage\":\"en-US\",\"@id\":\"https:\/\/www.klosterresor.se\/en\/selection\/france\/ile-de-france\/#primaryimage\",\"url\":\"http:\/\/klosterresor.hemsida.eu\/wp-content\/uploads\/2018\/08\/paris-transport.jpg\",\"contentUrl\":\"http:\/\/klosterresor.hemsida.eu\/wp-content\/uploads\/2018\/08\/paris-transport.jpg\"},{\"@type\":\"WebPage\",\"@id\":\"https:\/\/www.klosterresor.se\/en\/selection\/france\/ile-de-france\/#webpage\",\"url\":\"https:\/\/www.klosterresor.se\/en\/selection\/france\/ile-de-france\/\",\"name\":\"\u00cele-de-France - Klosterresor\",\"isPartOf\":{\"@id\":\"https:\/\/www.klosterresor.se\/#website\"},\"primaryImageOfPage\":{\"@id\":\"https:\/\/www.klosterresor.se\/en\/selection\/france\/ile-de-france\/#primaryimage\"},\"datePublished\":\"2018-09-21T09:25:51+00:00\",\"dateModified\":\"2018-09-21T09:25:58+00:00\",\"breadcrumb\":{\"@id\":\"https:\/\/www.klosterresor.se\/en\/selection\/france\/ile-de-france\/#breadcrumb\"},\"inLanguage\":\"en-US\",\"potentialAction\":[{\"@type\":\"ReadAction\",\"target\":[\"https:\/\/www.klosterresor.se\/en\/selection\/france\/ile-de-france\/\"]}]},{\"@type\":\"BreadcrumbList\",\"@id\":\"https:\/\/www.klosterresor.se\/en\/selection\/france\/ile-de-france\/#breadcrumb\",\"itemListElement\":[{\"@type\":\"ListItem\",\"position\":1,\"name\":\"Hem\",\"item\":\"https:\/\/www.klosterresor.se\/en\/\"},{\"@type\":\"ListItem\",\"position\":2,\"name\":\"The selection at Monastery trips\",\"item\":\"https:\/\/www.klosterresor.se\/en\/selection\/\"},{\"@type\":\"ListItem\",\"position\":3,\"name\":\"France\",\"item\":\"https:\/\/www.klosterresor.se\/en\/selection\/france\/\"},{\"@type\":\"ListItem\",\"position\":4,\"name\":\"\u00cele-de-France\"}]}]}<\/script>\n<!-- \/ Yoast SEO plugin. -->","yoast_head_json":{"title":"\u00cele-de-France - Klosterresor","robots":{"index":"index","follow":"follow","max-snippet":"max-snippet:-1","max-image-preview":"max-image-preview:large","max-video-preview":"max-video-preview:-1"},"canonical":"https:\/\/www.klosterresor.se\/en\/selection\/france\/ile-de-france\/","og_locale":"en_US","og_type":"article","og_title":"\u00cele-de-France - Klosterresor","og_description":"\u00cele-de-France utg\u00f6rs av \u00e5tta departement, varav staden Paris intar en s\u00e4rskilt framtr\u00e4dande roll. Med knappt 11,5 miljoner inv\u00e5nare \u00e4r regionen den mest folkrika i Frankrike.&hellip;","og_url":"https:\/\/www.klosterresor.se\/en\/selection\/france\/ile-de-france\/","og_site_name":"Klosterresor","article_modified_time":"2018-09-21T09:25:58+00:00","og_image":[{"url":"http:\/\/klosterresor.hemsida.eu\/wp-content\/uploads\/2018\/08\/paris-transport.jpg"}],"twitter_card":"summary_large_image","schema":{"@context":"https:\/\/schema.org","@graph":[{"@type":"WebSite","@id":"https:\/\/www.klosterresor.se\/#website","url":"https:\/\/www.klosterresor.se\/","name":"Klosterresor","description":"","potentialAction":[{"@type":"SearchAction","target":{"@type":"EntryPoint","urlTemplate":"https:\/\/www.klosterresor.se\/?s={search_term_string}"},"query-input":"required name=search_term_string"}],"inLanguage":"en-US"},{"@type":"ImageObject","inLanguage":"en-US","@id":"https:\/\/www.klosterresor.se\/en\/selection\/france\/ile-de-france\/#primaryimage","url":"http:\/\/klosterresor.hemsida.eu\/wp-content\/uploads\/2018\/08\/paris-transport.jpg","contentUrl":"http:\/\/klosterresor.hemsida.eu\/wp-content\/uploads\/2018\/08\/paris-transport.jpg"},{"@type":"WebPage","@id":"https:\/\/www.klosterresor.se\/en\/selection\/france\/ile-de-france\/#webpage","url":"https:\/\/www.klosterresor.se\/en\/selection\/france\/ile-de-france\/","name":"\u00cele-de-France - Klosterresor","isPartOf":{"@id":"https:\/\/www.klosterresor.se\/#website"},"primaryImageOfPage":{"@id":"https:\/\/www.klosterresor.se\/en\/selection\/france\/ile-de-france\/#primaryimage"},"datePublished":"2018-09-21T09:25:51+00:00","dateModified":"2018-09-21T09:25:58+00:00","breadcrumb":{"@id":"https:\/\/www.klosterresor.se\/en\/selection\/france\/ile-de-france\/#breadcrumb"},"inLanguage":"en-US","potentialAction":[{"@type":"ReadAction","target":["https:\/\/www.klosterresor.se\/en\/selection\/france\/ile-de-france\/"]}]},{"@type":"BreadcrumbList","@id":"https:\/\/www.klosterresor.se\/en\/selection\/france\/ile-de-france\/#breadcrumb","itemListElement":[{"@type":"ListItem","position":1,"name":"Hem","item":"https:\/\/www.klosterresor.se\/en\/"},{"@type":"ListItem","position":2,"name":"The selection at Monastery trips","item":"https:\/\/www.klosterresor.se\/en\/selection\/"},{"@type":"ListItem","position":3,"name":"France","item":"https:\/\/www.klosterresor.se\/en\/selection\/france\/"},{"@type":"ListItem","position":4,"name":"\u00cele-de-France"}]}]}},"_links":{"self":[{"href":"https:\/\/www.klosterresor.se\/en\/wp-json\/wp\/v2\/pages\/1807"}],"collection":[{"href":"https:\/\/www.klosterresor.se\/en\/wp-json\/wp\/v2\/pages"}],"about":[{"href":"https:\/\/www.klosterresor.se\/en\/wp-json\/wp\/v2\/types\/page"}],"author":[{"embeddable":true,"href":"https:\/\/www.klosterresor.se\/en\/wp-json\/wp\/v2\/users\/1"}],"replies":[{"embeddable":true,"href":"https:\/\/www.klosterresor.se\/en\/wp-json\/wp\/v2\/comments?post=1807"}],"version-history":[{"count":2,"href":"https:\/\/www.klosterresor.se\/en\/wp-json\/wp\/v2\/pages\/1807\/revisions"}],"predecessor-version":[{"id":1814,"href":"https:\/\/www.klosterresor.se\/en\/wp-json\/wp\/v2\/pages\/1807\/revisions\/1814"}],"up":[{"embeddable":true,"href":"https:\/\/www.klosterresor.se\/en\/wp-json\/wp\/v2\/pages\/1785"}],"wp:attachment":[{"href":"https:\/\/www.klosterresor.se\/en\/wp-json\/wp\/v2\/media?parent=1807"}],"curies":[{"name":"wp","href":"https:\/\/api.w.org\/{rel}","templated":true}]}}