{"id":2996,"date":"2019-08-23T12:10:23","date_gmt":"2019-08-23T10:10:23","guid":{"rendered":"https:\/\/www.klosterresor.se\/about-us\/socialt-engagemang\/"},"modified":"2022-01-05T14:22:24","modified_gmt":"2022-01-05T13:22:24","slug":"socialt-engagemang","status":"publish","type":"page","link":"https:\/\/www.klosterresor.se\/en\/about-us\/socialt-engagemang\/","title":{"rendered":"Socialt engagemang"},"content":{"rendered":"<div class=\"entry-content\">\n<p>F\u00f6r att bidra till ett mer h\u00e5llbart resande bidrar Klosterresor tillsammans med v\u00e5rt huvudf\u00f6retag Tran\u00e5s Resebyr\u00e5 till flera projekt f\u00f6r att bland annat minska klimatavtrycket.<\/p>\n<h3>H\u00e5llbart flygbr\u00e4nsle<\/h3>\n<p>Vi kan stolt meddela att vi genom v\u00e5rt huvudf\u00f6retag Tran\u00e5s Resebyr\u00e5 \u00e4r f\u00f6rsta resebyr\u00e5n i norra Europa att samarbeta med Air France-KLM f\u00f6r att \u00f6ka produktionen av h\u00e5llbart flygbr\u00e4nsle.<\/p>\n<p><img loading=\"lazy\" class=\"wp-image-3219 size-full\" src=\"https:\/\/www.klosterresor.se\/wp-content\/uploads\/2022\/01\/KLM-avtal.jpg\" alt=\"H\u00e5llbart Flygbr\u00e4nsle\" width=\"600\" height=\"424\" srcset=\"https:\/\/www.klosterresor.se\/wp-content\/uploads\/2022\/01\/KLM-avtal.jpg 600w, https:\/\/www.klosterresor.se\/wp-content\/uploads\/2022\/01\/KLM-avtal-300x212.jpg 300w, https:\/\/www.klosterresor.se\/wp-content\/uploads\/2022\/01\/KLM-avtal-150x106.jpg 150w\" sizes=\"(max-width: 600px) 100vw, 600px\" \/><\/p>\n<p>SAF kan minska CO2 utsl\u00e4ppen med upp till 75% j\u00e4mf\u00f6r med vanligt flygbr\u00e4nsle. Det br\u00e4nsle vi anv\u00e4nder \u00e4r h\u00e5llbart. Begreppet SAF inkluderar \u00e4ven andra typer av br\u00e4nslen som till exempel syntestiskt fotogen.<br \/>\nProgrammet bidrar till att g\u00f6ra flygindustrin mera h\u00e5llbar genom att stimulera efterfr\u00e5gan och skapa st\u00f6rre volymer av SAF. F\u00f6retag och organisationer kan investera i SAF och s\u00e4kerst\u00e4lla att hela eller delar av resan g\u00f6rs p\u00e5 SAF som reducerar CO2 utsl\u00e4ppen.<\/p>\n<p>\u201cVi vill samarbeta med dem som g\u00f6r skillnad i v\u00e4rlden och det var ett l\u00e4tt beslut att g\u00e5 med i Air France- KLMs program. V\u00e5r str\u00e4van \u00e4r att vi ska bidra till ett mer h\u00e5llbart resande \u00f6ver tid f\u00f6r att efterl\u00e4mna en b\u00e4ttre v\u00e4rld till kommande generationer. V\u00e5r verksamhet ska inneb\u00e4ra ett minimum av negativ p\u00e5verkan och vi ska samtidigt f\u00f6rst\u00e4rka de positiva effekterna av resandet. Reseindustrin skapar m\u00e5nga arbetstillf\u00e4llen och en positiv samh\u00e4llsutveckling v\u00e4rlden \u00f6ver. Vi tar nu detta steg f\u00f6r att ytterligare driva p\u00e5 en positiv utveckling av branschen och vi hoppas m\u00e5nga fler kollegor hakar p\u00e5\u201d &#8211; Anders Lind\u00e9n, VD Tran\u00e5s Resebyr\u00e5.<\/p>\n<p>L\u00e4s mer om i v\u00e5r gemensamma <a href=\"https:\/\/www.mynewsdesk.com\/se\/klm-royal-dutch-airlines\/pressreleases\/tranaas-resebyraa-foersta-resebyraan-i-norra-europa-att-samarbeta-med-air-france-klm-foer-att-oeka-produktionen-av-haallbart-flygbraensle-3142997\" target=\"_blank\" rel=\"noopener noreferrer\"><span style=\"color: #ff6600;\">pressrelease<\/span> <\/a>och se en <a href=\"https:\/\/vimeo.com\/654067847\/cf8d72ed63\" data-rel=\"lightbox-video-0\" target=\"_blank\" rel=\"noopener noreferrer\"><span style=\"color: #ff6600;\">kort film<\/span><\/a> om detta.<\/p>\n<h3>Fly Green Fund<\/h3>\n<p>Tran\u00e5s resebyr\u00e5\/Klosterresor anser det viktigt att vara proaktiva f\u00f6r att minska klimatavtrycket och delar Fly Greens Funds vision och vi avs\u00e4tter ett belopp f\u00f6r varje resen\u00e4r som g\u00e5r direkt till f\u00f6reningen n\u00e4r du bokar flyg med oss. Om du vill vara med och ge ett bidrag kan du v\u00e4lja att g\u00f6ra det i samband med din bokning.<del><\/del><\/p>\n<figure id=\"attachment_5017\" class=\"wp-caption aligncenter\" data-size=\"size-medium\"><a href=\"http:\/\/flygreenfund.se\/\" target=\"_blank\" rel=\"noopener noreferrer\"><img loading=\"lazy\" class=\"aligncenter wp-image-5017 size-medium\" src=\"http:\/\/www.andersons.se\/wp-content\/uploads\/FlyGreenFundLogo-480x270.jpg\" alt=\"\" width=\"480\" height=\"270\" \/><\/a><\/figure>\n<p>&nbsp;<\/p>\n<p>Fly Green Fund \u00e4r en ekonomisk f\u00f6rening, utan vinstintresse, som ger f\u00f6retag och privatpersoner m\u00f6jlighet att reducera sitt klimatavtryck vid flygresor. M\u00e5let \u00e4r att tillsammans kickstarta marknaden f\u00f6r bioflygbr\u00e4nsle i Norden.<\/p>\n<p>Vision<br \/>\n\u201dAtt g\u00f6ra det m\u00f6jligt f\u00f6r aff\u00e4rs- och privatresen\u00e4rer att flyga p\u00e5 bioflygbr\u00e4nslen i Norden\u201d \u00e4r Fly Green Funds vision.<\/p>\n<p>Det g\u00e5r redan i dag att flyga mer h\u00e5llbart. Varf\u00f6r g\u00f6r vi inte det d\u00e5?<br \/>\nDet finns tv\u00e5 hinder:<br \/>\n1. Idag \u00e4r bioflygbr\u00e4nsle dyrare \u00e4n vanligt flygfotogen<br \/>\n2. Det produceras f\u00f6r lite<br \/>\nDet g\u00e4ller inte bara h\u00e4r i Sverige och Norden \u2013 utan i hela v\u00e4rlden. F\u00f6r att f\u00e5 ner priset m\u00e5ste vi visa att vi \u00e4r m\u00e5nga som vill flyga p\u00e5 bioflygbr\u00e4nsle och att vi \u00e4r beredda att betala f\u00f6r det. P\u00e5 s\u00e5 s\u00e4tt \u00f6kar vi volymerna samtidigt som vi visar producenter av biobr\u00e4nsle att det finns kunder vilket i sin tur g\u00f6r att priset sjunker.<\/p>\n<p>Mer info: <a href=\"http:\/\/flygreenfund.se\" target=\"_blank\" rel=\"noopener noreferrer\"><span style=\"color: #808080;\">flygreenfund.se<\/span><\/a><\/p>\n<h3><\/h3>\n<h3>New Hope<\/h3>\n<p>Tran\u00e5s Resebyr\u00e5\/Klosterresor och personalen sponsrar New Hope, Reseindustrins Barnfond.<\/p>\n<figure id=\"attachment_5009\" class=\"wp-caption aligncenter\" data-size=\"size-medium\"><a href=\"http:\/\/newhope.se\/\" target=\"_blank\" rel=\"noopener noreferrer\"><img loading=\"lazy\" class=\"wp-image-5009 size-medium\" src=\"http:\/\/www.andersons.se\/wp-content\/uploads\/New-Hope-232x270.jpg\" alt=\"\" width=\"232\" height=\"270\" \/><\/a><\/figure>\n<p>&nbsp;<\/p>\n<p>Sedan millenieskiftet har New Hope drivit projekt med andra mindre organisationer eller privatpersoner runt om i v\u00e4rlden. Fonden har efterstr\u00e4vat att driva sm\u00e5 och \u201dgreppbara\u201d projekt, d\u00e4r man kan se direkta resultat av de donationer man gjort. New Hope har inga anst\u00e4llda, utan f\u00f6rlitar sig p\u00e5 ideellt arbete. P\u00e5 s\u00e5 vis s\u00e4krar fonden att n\u00e4stan 96% av insamlade medel n\u00e5r fram till barnen.<\/p>\n<p>New Hope i korthet<br \/>\n\u2022 Id\u00e9n kom upp vid en resa med resebransch folk till Tibet 1988<br \/>\n\u2022 F\u00f6rsta insamlings\u00e5ret 1989<br \/>\n\u2022 Kommer under 2014 att ha samlat in 25 miljoner kronor, samtidigt som man firar 25 \u00e5r som insamlingsorganisation<br \/>\n\u2022 \u00c4r en stiftelse som st\u00e5r under L\u00e4nsstyrelsens \u00f6verinseende<br \/>\n\u2022 Innehar 90-konto<br \/>\n\u2022 Sponsras av alla stora f\u00f6retag i resebranschen<br \/>\n\u2022 New Hope har en central kostnad som f\u00f6r n\u00e4rvarande uppg\u00e5r till endast 4% av allt som vi samlar in<br \/>\n\u2022 Ger ut en adventskalender med vinster fr\u00e5n reseindustrin varje \u00e5r.<br \/>\n\u2022 Genomf\u00f6r varje \u00e5r 8-10 projekt runt om i v\u00e4rlden<\/p>\n<p>Tran\u00e5s Resebyr\u00e5 sponsrar tre flickors skolg\u00e5ng vid Kiotaniskolan samt en resurs<\/p>\n<p><em>Vilken tur att det finns eldsj\u00e4lar med visioner!<\/em><br \/>\n<em>Eldsj\u00e4lar som de brinner f\u00f6r att genomf\u00f6ra genomf\u00f6ra sina visioner! En kenyansk kvinna hade en dr\u00f6m att bygga upp en verksamhet d\u00e4r f\u00f6r\u00e4ldral\u00f6sa barn fr\u00e5n Nairobis v\u00e4rsta slumomr\u00e5den skall f\u00e5 ett hem och m\u00f6jlighet att g\u00e5 i skola! Dr\u00f6mmen heter Kiotani Day and Boarding School och ligger s\u00f6der om Nairobi, p\u00e5 v\u00e4gen till Mombasa.<\/em><\/p>\n<p><em>Gabriela: Som med s\u00e5 m\u00e5nga afrikanska familjer \u00e4r det \u201cmormor\u201d som \u00e4r ankaret i familjen. Gabrielas mamma blev med barn medan hon fortfarande gick i skolan. \u00c4ldsta dottern Jennifer \u00e4r nu 16 \u00e5r. D\u00e4refter f\u00f6ddes systern Gilian 13 \u00e5r och sist Gabriela, som nu \u00e4r 8 \u00e5r. Alla flickorna har olika f\u00e4der.<\/em><br \/>\n<em>Modern Juliet gick aldrig klart skolan och f\u00f6rs\u00f6rjer sig nu p\u00e5 sm\u00e5jobb. Oklart exakt vad detta \u00e4r, men antagligen betyder det att hon \u00e4r prostituerad.<\/em><\/p>\n<p><em>Happy: \u00e4r yngst av 6 syskon. F\u00f6r\u00e4ldrarna kommer fr\u00e5n kusten, men s\u00f6kte sig till Nairobi f\u00f6r att leta efter jobb. De bor i Mlolongo slummen och f\u00f6rs\u00f6rjer sig p\u00e5 olika str\u00f6jobb. Det st\u00f6rsta problemet \u00e4r dock att fadern \u00e4r alkoholist och spenderar mycket pengar p\u00e5 alkohol. Under l\u00e5nga perioder \u00e4r han f\u00f6rsvunnen och modern m\u00e5ste d\u00e5 ensam skaffa fram mat till barnen. Detta \u00e4r antagligen den b\u00e4sta tiden f\u00f6r barnen, f\u00f6r n\u00e4r fadern \u00e4r hemma \u00e4r han mycket v\u00e5ldsam och sl\u00e5r b\u00e5de sin fru och barnen.<\/em><\/p>\n<p><em>Magdalene: har aldrig bott i slummen, men genom att erbjuda en plats p\u00e5 skolan har Positive Life antagligen hindrat att hon hamnat i slummen. Magdalenes pappa dog 2017. Han var HIV positiv och antagligen tog han sitt liv p\u00e5 grund av detta. Familjen bodde ungef\u00e4r en timmas resa fr\u00e5n Nairobi. Mamman var tvungen att ta \u00f6ver f\u00f6rs\u00f6rjningsansvaret f\u00f6r familjen och flyttade in till Nairobi f\u00f6r att b\u00f6rja arbeta som hemhj\u00e4lp. Magdalene bodde kvar ute p\u00e5 landet tillsammans med sina br\u00f6der och tillsammans med farmor, som h\u00f6ll ordning och reda. 2018 dog farmodern pl\u00f6tsligt och barnen fick leva ensamma, vilket visade sig vara katastrofalt. De klarade inte av att ta hand om varandra.<\/em><\/p>\n<p>Mer info: <a href=\"http:\/\/newhope.se\" target=\"_blank\" rel=\"noopener noreferrer\"><span style=\"color: #808080;\">newhope.se<\/span><\/a><\/p>\n<p>&nbsp;<\/p>\n<\/div>\n","protected":false},"excerpt":{"rendered":"<p>F\u00f6r att bidra till ett mer h\u00e5llbart resande bidrar Klosterresor tillsammans med v\u00e5rt huvudf\u00f6retag Tran\u00e5s Resebyr\u00e5 till flera projekt f\u00f6r att bland annat minska klimatavtrycket.&hellip;<\/p>\n","protected":false},"author":2,"featured_media":0,"parent":1747,"menu_order":915,"comment_status":"closed","ping_status":"closed","template":"","meta":[],"acf":[],"yoast_head":"<!-- This site is optimized with the Yoast SEO plugin v18.9 - https:\/\/yoast.com\/wordpress\/plugins\/seo\/ -->\n<title>Socialt engagemang - Klosterresor<\/title>\n<meta name=\"robots\" content=\"index, follow, max-snippet:-1, max-image-preview:large, max-video-preview:-1\" \/>\n<link rel=\"canonical\" href=\"https:\/\/www.klosterresor.se\/en\/about-us\/socialt-engagemang\/\" \/>\n<meta property=\"og:locale\" content=\"en_US\" \/>\n<meta property=\"og:type\" content=\"article\" \/>\n<meta property=\"og:title\" content=\"Socialt engagemang - Klosterresor\" \/>\n<meta property=\"og:description\" content=\"F\u00f6r att bidra till ett mer h\u00e5llbart resande bidrar Klosterresor tillsammans med v\u00e5rt huvudf\u00f6retag Tran\u00e5s Resebyr\u00e5 till flera projekt f\u00f6r att bland annat minska klimatavtrycket.&hellip;\" \/>\n<meta property=\"og:url\" content=\"https:\/\/www.klosterresor.se\/en\/about-us\/socialt-engagemang\/\" \/>\n<meta property=\"og:site_name\" content=\"Klosterresor\" \/>\n<meta property=\"article:modified_time\" content=\"2022-01-05T13:22:24+00:00\" \/>\n<meta property=\"og:image\" content=\"https:\/\/www.klosterresor.se\/wp-content\/uploads\/2022\/01\/KLM-avtal.jpg\" \/>\n<meta name=\"twitter:card\" content=\"summary_large_image\" \/>\n<meta name=\"twitter:label1\" content=\"Est. reading time\" \/>\n\t<meta name=\"twitter:data1\" content=\"6 minutes\" \/>\n<script type=\"application\/ld+json\" class=\"yoast-schema-graph\">{\"@context\":\"https:\/\/schema.org\",\"@graph\":[{\"@type\":\"WebSite\",\"@id\":\"https:\/\/www.klosterresor.se\/#website\",\"url\":\"https:\/\/www.klosterresor.se\/\",\"name\":\"Klosterresor\",\"description\":\"\",\"potentialAction\":[{\"@type\":\"SearchAction\",\"target\":{\"@type\":\"EntryPoint\",\"urlTemplate\":\"https:\/\/www.klosterresor.se\/?s={search_term_string}\"},\"query-input\":\"required name=search_term_string\"}],\"inLanguage\":\"en-US\"},{\"@type\":\"ImageObject\",\"inLanguage\":\"en-US\",\"@id\":\"https:\/\/www.klosterresor.se\/en\/about-us\/socialt-engagemang\/#primaryimage\",\"url\":\"https:\/\/www.klosterresor.se\/wp-content\/uploads\/2022\/01\/KLM-avtal.jpg\",\"contentUrl\":\"https:\/\/www.klosterresor.se\/wp-content\/uploads\/2022\/01\/KLM-avtal.jpg\",\"width\":600,\"height\":424},{\"@type\":\"WebPage\",\"@id\":\"https:\/\/www.klosterresor.se\/en\/about-us\/socialt-engagemang\/#webpage\",\"url\":\"https:\/\/www.klosterresor.se\/en\/about-us\/socialt-engagemang\/\",\"name\":\"Socialt engagemang - Klosterresor\",\"isPartOf\":{\"@id\":\"https:\/\/www.klosterresor.se\/#website\"},\"primaryImageOfPage\":{\"@id\":\"https:\/\/www.klosterresor.se\/en\/about-us\/socialt-engagemang\/#primaryimage\"},\"datePublished\":\"2019-08-23T10:10:23+00:00\",\"dateModified\":\"2022-01-05T13:22:24+00:00\",\"breadcrumb\":{\"@id\":\"https:\/\/www.klosterresor.se\/en\/about-us\/socialt-engagemang\/#breadcrumb\"},\"inLanguage\":\"en-US\",\"potentialAction\":[{\"@type\":\"ReadAction\",\"target\":[\"https:\/\/www.klosterresor.se\/en\/about-us\/socialt-engagemang\/\"]}]},{\"@type\":\"BreadcrumbList\",\"@id\":\"https:\/\/www.klosterresor.se\/en\/about-us\/socialt-engagemang\/#breadcrumb\",\"itemListElement\":[{\"@type\":\"ListItem\",\"position\":1,\"name\":\"Hem\",\"item\":\"https:\/\/www.klosterresor.se\/en\/\"},{\"@type\":\"ListItem\",\"position\":2,\"name\":\"About us\",\"item\":\"https:\/\/www.klosterresor.se\/en\/about-us\/\"},{\"@type\":\"ListItem\",\"position\":3,\"name\":\"Socialt engagemang\"}]}]}<\/script>\n<!-- \/ Yoast SEO plugin. -->","yoast_head_json":{"title":"Socialt engagemang - Klosterresor","robots":{"index":"index","follow":"follow","max-snippet":"max-snippet:-1","max-image-preview":"max-image-preview:large","max-video-preview":"max-video-preview:-1"},"canonical":"https:\/\/www.klosterresor.se\/en\/about-us\/socialt-engagemang\/","og_locale":"en_US","og_type":"article","og_title":"Socialt engagemang - Klosterresor","og_description":"F\u00f6r att bidra till ett mer h\u00e5llbart resande bidrar Klosterresor tillsammans med v\u00e5rt huvudf\u00f6retag Tran\u00e5s Resebyr\u00e5 till flera projekt f\u00f6r att bland annat minska klimatavtrycket.&hellip;","og_url":"https:\/\/www.klosterresor.se\/en\/about-us\/socialt-engagemang\/","og_site_name":"Klosterresor","article_modified_time":"2022-01-05T13:22:24+00:00","og_image":[{"url":"https:\/\/www.klosterresor.se\/wp-content\/uploads\/2022\/01\/KLM-avtal.jpg"}],"twitter_card":"summary_large_image","twitter_misc":{"Est. reading time":"6 minutes"},"schema":{"@context":"https:\/\/schema.org","@graph":[{"@type":"WebSite","@id":"https:\/\/www.klosterresor.se\/#website","url":"https:\/\/www.klosterresor.se\/","name":"Klosterresor","description":"","potentialAction":[{"@type":"SearchAction","target":{"@type":"EntryPoint","urlTemplate":"https:\/\/www.klosterresor.se\/?s={search_term_string}"},"query-input":"required name=search_term_string"}],"inLanguage":"en-US"},{"@type":"ImageObject","inLanguage":"en-US","@id":"https:\/\/www.klosterresor.se\/en\/about-us\/socialt-engagemang\/#primaryimage","url":"https:\/\/www.klosterresor.se\/wp-content\/uploads\/2022\/01\/KLM-avtal.jpg","contentUrl":"https:\/\/www.klosterresor.se\/wp-content\/uploads\/2022\/01\/KLM-avtal.jpg","width":600,"height":424},{"@type":"WebPage","@id":"https:\/\/www.klosterresor.se\/en\/about-us\/socialt-engagemang\/#webpage","url":"https:\/\/www.klosterresor.se\/en\/about-us\/socialt-engagemang\/","name":"Socialt engagemang - Klosterresor","isPartOf":{"@id":"https:\/\/www.klosterresor.se\/#website"},"primaryImageOfPage":{"@id":"https:\/\/www.klosterresor.se\/en\/about-us\/socialt-engagemang\/#primaryimage"},"datePublished":"2019-08-23T10:10:23+00:00","dateModified":"2022-01-05T13:22:24+00:00","breadcrumb":{"@id":"https:\/\/www.klosterresor.se\/en\/about-us\/socialt-engagemang\/#breadcrumb"},"inLanguage":"en-US","potentialAction":[{"@type":"ReadAction","target":["https:\/\/www.klosterresor.se\/en\/about-us\/socialt-engagemang\/"]}]},{"@type":"BreadcrumbList","@id":"https:\/\/www.klosterresor.se\/en\/about-us\/socialt-engagemang\/#breadcrumb","itemListElement":[{"@type":"ListItem","position":1,"name":"Hem","item":"https:\/\/www.klosterresor.se\/en\/"},{"@type":"ListItem","position":2,"name":"About us","item":"https:\/\/www.klosterresor.se\/en\/about-us\/"},{"@type":"ListItem","position":3,"name":"Socialt engagemang"}]}]}},"_links":{"self":[{"href":"https:\/\/www.klosterresor.se\/en\/wp-json\/wp\/v2\/pages\/2996"}],"collection":[{"href":"https:\/\/www.klosterresor.se\/en\/wp-json\/wp\/v2\/pages"}],"about":[{"href":"https:\/\/www.klosterresor.se\/en\/wp-json\/wp\/v2\/types\/page"}],"author":[{"embeddable":true,"href":"https:\/\/www.klosterresor.se\/en\/wp-json\/wp\/v2\/users\/2"}],"replies":[{"embeddable":true,"href":"https:\/\/www.klosterresor.se\/en\/wp-json\/wp\/v2\/comments?post=2996"}],"version-history":[{"count":4,"href":"https:\/\/www.klosterresor.se\/en\/wp-json\/wp\/v2\/pages\/2996\/revisions"}],"predecessor-version":[{"id":3226,"href":"https:\/\/www.klosterresor.se\/en\/wp-json\/wp\/v2\/pages\/2996\/revisions\/3226"}],"up":[{"embeddable":true,"href":"https:\/\/www.klosterresor.se\/en\/wp-json\/wp\/v2\/pages\/1747"}],"wp:attachment":[{"href":"https:\/\/www.klosterresor.se\/en\/wp-json\/wp\/v2\/media?parent=2996"}],"curies":[{"name":"wp","href":"https:\/\/api.w.org\/{rel}","templated":true}]}}